{"id":4614,"date":"2026-03-30T17:24:11","date_gmt":"2026-03-30T17:24:11","guid":{"rendered":"https:\/\/banyax.com\/?page_id=4614"},"modified":"2026-03-30T17:26:11","modified_gmt":"2026-03-30T17:26:11","slug":"privacy-notice","status":"publish","type":"page","link":"https:\/\/banyax.com\/es\/privacy-notice\/","title":{"rendered":"Privacy Notice"},"content":{"rendered":"<div data-elementor-type=\"wp-page\" data-elementor-id=\"4614\" class=\"elementor elementor-4614\" data-elementor-post-type=\"page\">\n\t\t\t\t\t\t<section class=\"elementor-section elementor-top-section elementor-element elementor-element-1d93810e elementor-section-boxed elementor-section-height-default elementor-section-height-default\" data-id=\"1d93810e\" data-element_type=\"section\" data-e-type=\"section\">\n\t\t\t\t\t\t<div class=\"elementor-container elementor-column-gap-default\">\n\t\t\t\t\t<div class=\"elementor-column elementor-col-100 elementor-top-column elementor-element elementor-element-27008a12\" data-id=\"27008a12\" data-element_type=\"column\" data-e-type=\"column\">\n\t\t\t<div class=\"elementor-widget-wrap elementor-element-populated\">\n\t\t\t\t\t\t<div class=\"elementor-element elementor-element-22dae3b elementor-widget elementor-widget-spacer\" data-id=\"22dae3b\" data-element_type=\"widget\" data-e-type=\"widget\" data-widget_type=\"spacer.default\">\n\t\t\t\t<div class=\"elementor-widget-container\">\n\t\t\t\t\t\t\t<div class=\"elementor-spacer\">\n\t\t\t<div class=\"elementor-spacer-inner\"><\/div>\n\t\t<\/div>\n\t\t\t\t\t\t<\/div>\n\t\t\t\t<\/div>\n\t\t\t\t\t<\/div>\n\t\t<\/div>\n\t\t\t\t\t<\/div>\n\t\t<\/section>\n\t\t\t\t<section class=\"elementor-section elementor-top-section elementor-element elementor-element-ca9ff5c elementor-section-boxed elementor-section-height-default elementor-section-height-default\" data-id=\"ca9ff5c\" data-element_type=\"section\" data-e-type=\"section\">\n\t\t\t\t\t\t<div class=\"elementor-container elementor-column-gap-default\">\n\t\t\t\t\t<div class=\"elementor-column elementor-col-100 elementor-top-column elementor-element elementor-element-d441c1c\" data-id=\"d441c1c\" data-element_type=\"column\" data-e-type=\"column\">\n\t\t\t<div class=\"elementor-widget-wrap elementor-element-populated\">\n\t\t\t\t\t\t<div class=\"elementor-element elementor-element-13dae32 elementor-widget elementor-widget-heading\" data-id=\"13dae32\" data-element_type=\"widget\" data-e-type=\"widget\" data-widget_type=\"heading.default\">\n\t\t\t\t<div class=\"elementor-widget-container\">\n\t\t\t\t\t<h2 class=\"elementor-heading-title elementor-size-default\">Privacy Notice<\/h2>\t\t\t\t<\/div>\n\t\t\t\t<\/div>\n\t\t\t\t\t<\/div>\n\t\t<\/div>\n\t\t\t\t\t<\/div>\n\t\t<\/section>\n\t\t\t\t<section class=\"elementor-section elementor-top-section elementor-element elementor-element-d9cad58 elementor-section-boxed elementor-section-height-default elementor-section-height-default\" data-id=\"d9cad58\" data-element_type=\"section\" data-e-type=\"section\">\n\t\t\t\t\t\t<div class=\"elementor-container elementor-column-gap-default\">\n\t\t\t\t\t<div class=\"elementor-column elementor-col-100 elementor-top-column elementor-element elementor-element-19806e6\" data-id=\"19806e6\" data-element_type=\"column\" data-e-type=\"column\">\n\t\t\t<div class=\"elementor-widget-wrap elementor-element-populated\">\n\t\t\t\t\t\t<div class=\"elementor-element elementor-element-2c1d38a elementor-widget elementor-widget-text-editor\" data-id=\"2c1d38a\" data-element_type=\"widget\" data-e-type=\"widget\" data-widget_type=\"text-editor.default\">\n\t\t\t\t<div class=\"elementor-widget-container\">\n\t\t\t\t\t\t\t\t\t<p data-start=\"170\" data-end=\"203\"><strong data-start=\"170\" data-end=\"203\">Last updated: August 26, 2025<\/strong><\/p>\n<p data-start=\"205\" data-end=\"534\"><strong data-start=\"205\" data-end=\"233\">BANYAX, S.A.P.I. DE C.V.<\/strong> (\u201cBanyax\u201d), located at Prolongaci\u00f3n Los Soles 200 PH 02 OTE, Del Valle Sector Oriente, San Pedro Garza Garc\u00eda, CP 66269, Nuevo Le\u00f3n, Mexico; email: <a class=\"decorated-link cursor-pointer\" rel=\"noopener\" data-start=\"382\" data-end=\"398\">legal@banyax.com<\/a>; Tel: +52 81 2355 2350, is responsible for the collection and processing of your personal data and hereby provides this Privacy Notice.<\/p>\n<hr data-start=\"536\" data-end=\"539\" \/>\n<h2 data-section-id=\"fz71of\" data-start=\"541\" data-end=\"581\"><span role=\"text\"><strong data-start=\"544\" data-end=\"581\">What personal data do we collect?<\/strong><\/span><\/h2>\n<p data-start=\"583\" data-end=\"806\">Banyax may request personal data through the Banyax Quest configuration form. This information is necessary to identify users, understand their business and technological environment, and tailor the platform to their needs.<\/p>\n<p data-start=\"808\" data-end=\"850\">The personal data we may collect includes:<\/p>\n<ol data-start=\"852\" data-end=\"1187\">\n<li data-section-id=\"16pktn2\" data-start=\"852\" data-end=\"866\">Full name<\/li>\n<li data-section-id=\"1mxsn68\" data-start=\"867\" data-end=\"899\">Company or institution name<\/li>\n<li data-section-id=\"opc89u\" data-start=\"900\" data-end=\"926\">Contact email address<\/li>\n<li data-section-id=\"de2px0\" data-start=\"927\" data-end=\"963\">Approximate number of employees<\/li>\n<li data-section-id=\"ieibst\" data-start=\"964\" data-end=\"1002\">Specific use cases for the system<\/li>\n<li data-section-id=\"j7v250\" data-start=\"1003\" data-end=\"1035\">Active Directory tools used<\/li>\n<li data-section-id=\"1dh6l85\" data-start=\"1036\" data-end=\"1079\">Endpoint protection solutions employed<\/li>\n<li data-section-id=\"1ahwzz5\" data-start=\"1080\" data-end=\"1119\">Firewall and\/or VPN solutions used<\/li>\n<li data-section-id=\"4mnlc3\" data-start=\"1120\" data-end=\"1187\">Email or SaaS applications implemented within the organization<\/li>\n<\/ol>\n<p data-start=\"1189\" data-end=\"1431\">Banyax does <strong data-start=\"1201\" data-end=\"1208\">not<\/strong> collect sensitive personal data, such as information related to racial or ethnic origin, health status, genetic data, religious, philosophical, or moral beliefs, union membership, political opinions, or sexual preferences.<\/p>\n<p data-start=\"1433\" data-end=\"1626\">If \u201cOther\u201d options are selected, Banyax may request additional details regarding tools or solutions, which may involve further information about the organization\u2019s technological infrastructure.<\/p>\n<hr data-start=\"1628\" data-end=\"1631\" \/>\n<h2 data-section-id=\"1ont2r9\" data-start=\"1633\" data-end=\"1676\"><span role=\"text\"><strong data-start=\"1636\" data-end=\"1676\">How do we obtain your personal data?<\/strong><\/span><\/h2>\n<p data-start=\"1678\" data-end=\"1828\">Your personal data is collected directly from you through the configuration form designed to enable access to and proper setup of the Banyax platform.<\/p>\n<p data-start=\"1830\" data-end=\"1966\">Banyax does <strong data-start=\"1842\" data-end=\"1849\">not<\/strong> automatically collect personal data through cookies, web beacons, or similar technologies when completing this form.<\/p>\n<hr data-start=\"1968\" data-end=\"1971\" \/>\n<h2 data-section-id=\"1palvop\" data-start=\"1973\" data-end=\"2035\"><span role=\"text\"><strong data-start=\"1976\" data-end=\"2035\">What are the purposes of processing your personal data?<\/strong><\/span><\/h2>\n<p data-start=\"2037\" data-end=\"2104\">Your personal data will be used for the following primary purposes:<\/p>\n<ol data-start=\"2106\" data-end=\"2426\">\n<li data-section-id=\"j1peb1\" data-start=\"2106\" data-end=\"2148\">To identify you as an authorized user<\/li>\n<li data-section-id=\"1sveqy6\" data-start=\"2149\" data-end=\"2233\">To configure the platform according to your company\u2019s technical characteristics<\/li>\n<li data-section-id=\"1zx3sf\" data-start=\"2234\" data-end=\"2321\">To understand the technological environment where the platform will be implemented<\/li>\n<li data-section-id=\"rjzhw9\" data-start=\"2322\" data-end=\"2369\">To provide technical support and follow-up<\/li>\n<li data-section-id=\"1jfwage\" data-start=\"2370\" data-end=\"2426\">To generate statistical or aggregated user analysis<\/li>\n<\/ol>\n<p data-start=\"2428\" data-end=\"2504\">Additionally, your personal data may be used for secondary purposes such as:<\/p>\n<ul data-start=\"2506\" data-end=\"2654\">\n<li data-section-id=\"1kcg28z\" data-start=\"2506\" data-end=\"2555\">Sending news, updates, or product information<\/li>\n<li data-section-id=\"131ln52\" data-start=\"2556\" data-end=\"2589\">Sharing invitations to events<\/li>\n<li data-section-id=\"1fw1bh1\" data-start=\"2590\" data-end=\"2654\">Providing educational or informational cybersecurity content<\/li>\n<\/ul>\n<p data-start=\"2656\" data-end=\"2772\">These secondary purposes are not essential for service provision. You may opt out by selecting the following option:<\/p>\n<p data-start=\"2774\" data-end=\"2863\">\u2610 I do not wish Banyax to use my personal data for informational or promotional purposes.<\/p>\n<hr data-start=\"2865\" data-end=\"2868\" \/>\n<h2 data-section-id=\"hvgaxt\" data-start=\"2870\" data-end=\"2914\"><span role=\"text\"><strong data-start=\"2873\" data-end=\"2914\">How do we protect your personal data?<\/strong><\/span><\/h2>\n<p data-start=\"2916\" data-end=\"3149\">Banyax is committed to protecting your personal data through administrative, physical, and technical security measures in accordance with the <strong data-start=\"3058\" data-end=\"3128\">Federal Law on Protection of Personal Data Held by Private Parties<\/strong> and its Regulations.<\/p>\n<p data-start=\"3151\" data-end=\"3408\">While Banyax implements reasonable and appropriate safeguards, it acknowledges that no system is entirely free from vulnerabilities. Therefore, we continuously work to mitigate risks and prevent unauthorized access, misuse, loss, or alteration of your data.<\/p>\n<hr data-start=\"3410\" data-end=\"3413\" \/>\n<h2 data-section-id=\"1ha32a2\" data-start=\"3415\" data-end=\"3447\"><span role=\"text\"><strong data-start=\"3418\" data-end=\"3447\">Your rights (ARCO rights)<\/strong><\/span><\/h2>\n<p data-start=\"3449\" data-end=\"3471\">You have the right to:<\/p>\n<ul data-start=\"3473\" data-end=\"3671\">\n<li data-section-id=\"16myggl\" data-start=\"3473\" data-end=\"3502\">Access your personal data<\/li>\n<li data-section-id=\"sz93po\" data-start=\"3503\" data-end=\"3544\">Rectify inaccurate or incomplete data<\/li>\n<li data-section-id=\"13dd8k0\" data-start=\"3545\" data-end=\"3607\">Request cancellation when data is unnecessary or excessive<\/li>\n<li data-section-id=\"134f9wq\" data-start=\"3608\" data-end=\"3671\">Object to the processing of your data for specific purposes<\/li>\n<\/ul>\n<p data-start=\"3673\" data-end=\"3738\">To exercise your ARCO rights, please contact: <strong data-start=\"3719\" data-end=\"3738\"><a class=\"decorated-link cursor-pointer\" rel=\"noopener\" data-start=\"3721\" data-end=\"3736\">arco@banyax.com<\/a><\/strong><\/p>\n<p data-start=\"3740\" data-end=\"3766\">Your request must include:<\/p>\n<ol data-start=\"3768\" data-end=\"3928\">\n<li data-section-id=\"1bmykuy\" data-start=\"3768\" data-end=\"3801\">Full name and contact method<\/li>\n<li data-section-id=\"ncuvrz\" data-start=\"3802\" data-end=\"3871\">Clear description of the data and the right you wish to exercise<\/li>\n<li data-section-id=\"llux78\" data-start=\"3872\" data-end=\"3928\">Any supporting documents that help locate your data<\/li>\n<\/ol>\n<p data-start=\"3930\" data-end=\"4097\">Banyax will respond within <strong data-start=\"3957\" data-end=\"3977\">20 business days<\/strong>, and if applicable, implement the request within the following <strong data-start=\"4041\" data-end=\"4061\">15 business days<\/strong>, in accordance with applicable law.<\/p>\n<hr data-start=\"4099\" data-end=\"4102\" \/>\n<h2 data-section-id=\"9fi8r4\" data-start=\"4104\" data-end=\"4164\"><span role=\"text\"><strong data-start=\"4107\" data-end=\"4164\">How can you limit the use or disclosure of your data?<\/strong><\/span><\/h2>\n<p data-start=\"4166\" data-end=\"4285\">You may limit the use of your personal data for non-essential purposes by requesting to be added to our exclusion list.<\/p>\n<p data-start=\"4287\" data-end=\"4331\">To do so, please email: <strong data-start=\"4311\" data-end=\"4331\"><a class=\"decorated-link cursor-pointer\" rel=\"noopener\" data-start=\"4313\" data-end=\"4329\">legal@banyax.com<\/a><\/strong><\/p>\n<hr data-start=\"4333\" data-end=\"4336\" \/>\n<h2 data-section-id=\"186uhi2\" data-start=\"4338\" data-end=\"4377\"><span role=\"text\"><strong data-start=\"4341\" data-end=\"4377\">How can you revoke your consent?<\/strong><\/span><\/h2>\n<p data-start=\"4379\" data-end=\"4497\">You may revoke your consent at any time, provided that the processing is not necessary for essential service purposes.<\/p>\n<p data-start=\"4499\" data-end=\"4587\">To revoke consent for non-essential purposes, send your request to: <strong data-start=\"4567\" data-end=\"4587\"><a class=\"decorated-link cursor-pointer\" rel=\"noopener\" data-start=\"4569\" data-end=\"4585\">legal@banyax.com<\/a><\/strong><\/p>\n<p data-start=\"4589\" data-end=\"4683\">Banyax will review your request and act accordingly within the legally established timeframes.<\/p>\n<hr data-start=\"4685\" data-end=\"4688\" \/>\n<h2 data-section-id=\"1bclzvz\" data-start=\"4690\" data-end=\"4722\"><span role=\"text\"><strong data-start=\"4693\" data-end=\"4722\">Transfer of personal data<\/strong><\/span><\/h2>\n<p data-start=\"4724\" data-end=\"4860\">Your personal data may be transferred, within or outside Mexico, when necessary to fulfill the purposes outlined in this Privacy Notice.<\/p>\n<p data-start=\"4862\" data-end=\"4885\">Recipients may include:<\/p>\n<ol data-start=\"4887\" data-end=\"5161\">\n<li data-section-id=\"rce7ee\" data-start=\"4887\" data-end=\"4953\">Technology service providers supporting Banyax infrastructure<\/li>\n<li data-section-id=\"8usbxy\" data-start=\"4954\" data-end=\"4999\">Implementation or customization partners<\/li>\n<li data-section-id=\"1gd90gc\" data-start=\"5000\" data-end=\"5046\">External advisors for service improvement<\/li>\n<li data-section-id=\"188k31s\" data-start=\"5047\" data-end=\"5096\">Competent authorities, when legally required<\/li>\n<li data-section-id=\"ye6hoz\" data-start=\"5097\" data-end=\"5161\">Affiliates or related entities supporting system operations<\/li>\n<\/ol>\n<p data-start=\"5163\" data-end=\"5332\">All third parties are required to process your data under Banyax\u2019s instructions and maintain confidentiality and security standards equivalent to those described herein.<\/p>\n<p data-start=\"5334\" data-end=\"5447\">Banyax will <strong data-start=\"5346\" data-end=\"5353\">not<\/strong> share your personal data for commercial or advertising purposes without your express consent.<\/p>\n<hr data-start=\"5449\" data-end=\"5452\" \/>\n<h2 data-section-id=\"6mzga9\" data-start=\"5454\" data-end=\"5491\"><span role=\"text\"><strong data-start=\"5457\" data-end=\"5491\">Changes to this Privacy Notice<\/strong><\/span><\/h2>\n<p data-start=\"5493\" data-end=\"5625\">Banyax reserves the right to modify this Privacy Notice at any time. Updates will be published on our website or notified via email.<\/p>\n<p data-start=\"5627\" data-end=\"5773\">This Privacy Notice is governed by applicable Mexican law. Any disputes will be subject to the jurisdiction of the competent courts of Nuevo Le\u00f3n.<\/p>\n<hr data-start=\"5775\" data-end=\"5778\" \/>\n<h2 data-section-id=\"atjluz\" data-start=\"5780\" data-end=\"5808\"><span role=\"text\"><strong data-start=\"5783\" data-end=\"5808\">Complaints and claims<\/strong><\/span><\/h2>\n<p data-start=\"5810\" data-end=\"6009\">If you believe your data protection rights have been violated, you may file a complaint with the <strong data-start=\"5907\" data-end=\"6008\">National Institute for Transparency, Access to Information and Protection of Personal Data (INAI)<\/strong>.<\/p>\n<p data-start=\"6011\" data-end=\"6066\">For more information, please visit: <strong data-start=\"6047\" data-end=\"6066\"><a class=\"decorated-link\" href=\"http:\/\/www.inai.org.mx\" target=\"_new\" rel=\"noopener\" data-start=\"6049\" data-end=\"6064\">www.inai.org.mx<\/a><\/strong><\/p>\n<hr data-start=\"6068\" data-end=\"6071\" \/>\n<h2 data-section-id=\"1px0imj\" data-start=\"6073\" data-end=\"6087\"><span role=\"text\"><strong data-start=\"6076\" data-end=\"6087\">Consent<\/strong><\/span><\/h2>\n<p data-start=\"6089\" data-end=\"6264\">By providing your personal data, you acknowledge that you have read and understood this Privacy Notice and consent to the processing of your data in accordance with its terms.<\/p>\n<p data-start=\"6266\" data-end=\"6521\">You also acknowledge that providing your information through the Banyax Quest configuration form does not establish any contractual, employment, or service relationship with Banyax, and that your data will be used solely for the purposes described herein.<\/p>\t\t\t\t\t\t\t\t<\/div>\n\t\t\t\t<\/div>\n\t\t\t\t\t<\/div>\n\t\t<\/div>\n\t\t\t\t\t<\/div>\n\t\t<\/section>\n\t\t\t\t<\/div>","protected":false},"excerpt":{"rendered":"<p>Privacy Notice Last updated: August 26, 2025 BANYAX, S.A.P.I. DE C.V. (\u201cBanyax\u201d), located at Prolongaci\u00f3n Los Soles 200 PH 02 OTE, Del Valle Sector Oriente, San Pedro Garza Garc\u00eda, CP 66269, Nuevo Le\u00f3n, Mexico; email: legal@banyax.com; Tel: +52 81 2355 2350, is responsible for the collection and processing of your personal data and hereby provides [&hellip;]<\/p>\n","protected":false},"author":3,"featured_media":0,"parent":0,"menu_order":0,"comment_status":"closed","ping_status":"closed","template":"","meta":{"footnotes":""},"class_list":["post-4614","page","type-page","status-publish","hentry"],"_links":{"self":[{"href":"https:\/\/banyax.com\/es\/wp-json\/wp\/v2\/pages\/4614","targetHints":{"allow":["GET"]}}],"collection":[{"href":"https:\/\/banyax.com\/es\/wp-json\/wp\/v2\/pages"}],"about":[{"href":"https:\/\/banyax.com\/es\/wp-json\/wp\/v2\/types\/page"}],"author":[{"embeddable":true,"href":"https:\/\/banyax.com\/es\/wp-json\/wp\/v2\/users\/3"}],"replies":[{"embeddable":true,"href":"https:\/\/banyax.com\/es\/wp-json\/wp\/v2\/comments?post=4614"}],"version-history":[{"count":4,"href":"https:\/\/banyax.com\/es\/wp-json\/wp\/v2\/pages\/4614\/revisions"}],"predecessor-version":[{"id":4618,"href":"https:\/\/banyax.com\/es\/wp-json\/wp\/v2\/pages\/4614\/revisions\/4618"}],"wp:attachment":[{"href":"https:\/\/banyax.com\/es\/wp-json\/wp\/v2\/media?parent=4614"}],"curies":[{"name":"wp","href":"https:\/\/api.w.org\/{rel}","templated":true}]}}