{"id":4046,"date":"2025-04-03T16:25:44","date_gmt":"2025-04-03T16:25:44","guid":{"rendered":"https:\/\/banyax.com\/?page_id=4046"},"modified":"2025-04-23T16:30:08","modified_gmt":"2025-04-23T16:30:08","slug":"blog","status":"publish","type":"page","link":"https:\/\/banyax.com\/es\/blog\/","title":{"rendered":"Blog"},"content":{"rendered":"<div data-elementor-type=\"wp-page\" data-elementor-id=\"4046\" class=\"elementor elementor-4046\" data-elementor-post-type=\"page\">\n\t\t\t\t\t\t<section class=\"elementor-section elementor-top-section elementor-element elementor-element-09de30d elementor-section-height-min-height elementor-section-items-bottom elementor-section-boxed elementor-section-height-default\" data-id=\"09de30d\" data-element_type=\"section\" data-e-type=\"section\" data-settings=\"{&quot;background_background&quot;:&quot;classic&quot;}\">\n\t\t\t\t\t\t<div class=\"elementor-container elementor-column-gap-default\">\n\t\t\t\t\t<div class=\"elementor-column elementor-col-100 elementor-top-column elementor-element elementor-element-d60ffd9\" data-id=\"d60ffd9\" data-element_type=\"column\" data-e-type=\"column\">\n\t\t\t<div class=\"elementor-widget-wrap elementor-element-populated\">\n\t\t\t\t\t\t<div class=\"elementor-element elementor-element-3f8c904 elementor-widget elementor-widget-heading\" data-id=\"3f8c904\" data-element_type=\"widget\" data-e-type=\"widget\" data-widget_type=\"heading.default\">\n\t\t\t\t<div class=\"elementor-widget-container\">\n\t\t\t\t\t<h2 class=\"elementor-heading-title elementor-size-default\">Bienvenido a nuestro Blog<\/h2>\t\t\t\t<\/div>\n\t\t\t\t<\/div>\n\t\t\t\t\t<\/div>\n\t\t<\/div>\n\t\t\t\t\t<\/div>\n\t\t<\/section>\n\t\t\t\t<section class=\"elementor-section elementor-top-section elementor-element elementor-element-ebb6478 elementor-section-boxed elementor-section-height-default elementor-section-height-default\" data-id=\"ebb6478\" data-element_type=\"section\" data-e-type=\"section\">\n\t\t\t\t\t\t<div class=\"elementor-container elementor-column-gap-default\">\n\t\t\t\t\t<div class=\"elementor-column elementor-col-100 elementor-top-column elementor-element elementor-element-2d71441\" data-id=\"2d71441\" data-element_type=\"column\" data-e-type=\"column\">\n\t\t\t<div class=\"elementor-widget-wrap elementor-element-populated\">\n\t\t\t\t\t\t<div class=\"elementor-element elementor-element-dee2db3 elementor-grid-3 elementor-grid-tablet-2 elementor-grid-mobile-1 elementor-posts--thumbnail-top elementor-card-shadow-yes elementor-posts__hover-gradient elementor-widget elementor-widget-posts\" data-id=\"dee2db3\" data-element_type=\"widget\" data-e-type=\"widget\" data-settings=\"{&quot;cards_columns&quot;:&quot;3&quot;,&quot;cards_columns_tablet&quot;:&quot;2&quot;,&quot;cards_columns_mobile&quot;:&quot;1&quot;,&quot;cards_row_gap&quot;:{&quot;unit&quot;:&quot;px&quot;,&quot;size&quot;:35,&quot;sizes&quot;:[]},&quot;cards_row_gap_tablet&quot;:{&quot;unit&quot;:&quot;px&quot;,&quot;size&quot;:&quot;&quot;,&quot;sizes&quot;:[]},&quot;cards_row_gap_mobile&quot;:{&quot;unit&quot;:&quot;px&quot;,&quot;size&quot;:&quot;&quot;,&quot;sizes&quot;:[]}}\" data-widget_type=\"posts.cards\">\n\t\t\t\t<div class=\"elementor-widget-container\">\n\t\t\t\t\t\t\t<div class=\"elementor-posts-container elementor-posts elementor-posts--skin-cards elementor-grid\" role=\"list\">\n\t\t\t\t<article class=\"elementor-post elementor-grid-item post-4311 post type-post status-publish format-standard has-post-thumbnail hentry category-uncategorized\" role=\"listitem\">\n\t\t\t<div class=\"elementor-post__card\">\n\t\t\t\t<a class=\"elementor-post__thumbnail__link\" href=\"https:\/\/banyax.com\/es\/la-ciberfatiga-no-es-un-mito-como-afecta-el-cansancio-a-tu-estrategia-de-seguridad\/\" tabindex=\"-1\" ><div class=\"elementor-post__thumbnail\"><img fetchpriority=\"high\" decoding=\"async\" width=\"300\" height=\"169\" src=\"https:\/\/banyax.com\/wp-content\/uploads\/2025\/08\/blogjul-300x169.png\" class=\"attachment-medium size-medium wp-image-4313\" alt=\"\" srcset=\"https:\/\/banyax.com\/wp-content\/uploads\/2025\/08\/blogjul-300x169.png 300w, https:\/\/banyax.com\/wp-content\/uploads\/2025\/08\/blogjul-1024x576.png 1024w, https:\/\/banyax.com\/wp-content\/uploads\/2025\/08\/blogjul-768x432.png 768w, https:\/\/banyax.com\/wp-content\/uploads\/2025\/08\/blogjul-1536x864.png 1536w, https:\/\/banyax.com\/wp-content\/uploads\/2025\/08\/blogjul-18x10.png 18w, https:\/\/banyax.com\/wp-content\/uploads\/2025\/08\/blogjul.png 1920w\" sizes=\"(max-width: 300px) 100vw, 300px\" \/><\/div><\/a>\n\t\t\t\t<div class=\"elementor-post__text\">\n\t\t\t\t<h3 class=\"elementor-post__title\">\n\t\t\t<a href=\"https:\/\/banyax.com\/es\/la-ciberfatiga-no-es-un-mito-como-afecta-el-cansancio-a-tu-estrategia-de-seguridad\/\" >\n\t\t\t\tLa Ciberfatiga no es un Mito: C\u00f3mo afecta el Cansancio a tu Estrategia de Seguridad\t\t\t<\/a>\n\t\t<\/h3>\n\t\t\t\t<div class=\"elementor-post__excerpt\">\n\t\t\t<p>Todo parec\u00eda estar bajo control en la empresa de tecnolog\u00eda.<\/p>\n\t\t<\/div>\n\t\t\n\t\t<a class=\"elementor-post__read-more\" href=\"https:\/\/banyax.com\/es\/la-ciberfatiga-no-es-un-mito-como-afecta-el-cansancio-a-tu-estrategia-de-seguridad\/\" aria-label=\"Read more about La Ciberfatiga no es un Mito: C\u00f3mo afecta el Cansancio a tu Estrategia de Seguridad\" tabindex=\"-1\" >\n\t\t\tLeer Ahora\u00bb\t\t<\/a>\n\n\t\t\t\t<\/div>\n\t\t\t\t<div class=\"elementor-post__meta-data\">\n\t\t\t\t\t<span class=\"elementor-post-date\">\n\t\t\tagosto 7, 2025\t\t<\/span>\n\t\t\t\t<\/div>\n\t\t\t\t\t<\/div>\n\t\t<\/article>\n\t\t\t\t<article class=\"elementor-post elementor-grid-item post-4284 post type-post status-publish format-standard has-post-thumbnail hentry category-uncategorized\" role=\"listitem\">\n\t\t\t<div class=\"elementor-post__card\">\n\t\t\t\t<a class=\"elementor-post__thumbnail__link\" href=\"https:\/\/banyax.com\/es\/phishing-con-inteligencia-artificial-puedes-distinguir-lo-real-de-lo-falso\/\" tabindex=\"-1\" ><div class=\"elementor-post__thumbnail\"><img decoding=\"async\" width=\"300\" height=\"169\" src=\"https:\/\/banyax.com\/wp-content\/uploads\/2025\/07\/Blog-25-de-Junio-300x169.png\" class=\"attachment-medium size-medium wp-image-4285\" alt=\"\" srcset=\"https:\/\/banyax.com\/wp-content\/uploads\/2025\/07\/Blog-25-de-Junio-300x169.png 300w, https:\/\/banyax.com\/wp-content\/uploads\/2025\/07\/Blog-25-de-Junio-1024x576.png 1024w, https:\/\/banyax.com\/wp-content\/uploads\/2025\/07\/Blog-25-de-Junio-768x432.png 768w, https:\/\/banyax.com\/wp-content\/uploads\/2025\/07\/Blog-25-de-Junio-1536x864.png 1536w, https:\/\/banyax.com\/wp-content\/uploads\/2025\/07\/Blog-25-de-Junio-18x10.png 18w, https:\/\/banyax.com\/wp-content\/uploads\/2025\/07\/Blog-25-de-Junio.png 1920w\" sizes=\"(max-width: 300px) 100vw, 300px\" \/><\/div><\/a>\n\t\t\t\t<div class=\"elementor-post__text\">\n\t\t\t\t<h3 class=\"elementor-post__title\">\n\t\t\t<a href=\"https:\/\/banyax.com\/es\/phishing-con-inteligencia-artificial-puedes-distinguir-lo-real-de-lo-falso\/\" >\n\t\t\t\tPhishing con Inteligencia Artificial: \u00bfPuedes distinguir lo Real de lo Falso?\t\t\t<\/a>\n\t\t<\/h3>\n\t\t\t\t<div class=\"elementor-post__excerpt\">\n\t\t\t<p>\u201c\u00a1Felicidades por tu reciente ascenso! \u00bfPodr\u00edas ayudarme con un asunto<\/p>\n\t\t<\/div>\n\t\t\n\t\t<a class=\"elementor-post__read-more\" href=\"https:\/\/banyax.com\/es\/phishing-con-inteligencia-artificial-puedes-distinguir-lo-real-de-lo-falso\/\" aria-label=\"Read more about Phishing con Inteligencia Artificial: \u00bfPuedes distinguir lo Real de lo Falso?\" tabindex=\"-1\" >\n\t\t\tLeer Ahora\u00bb\t\t<\/a>\n\n\t\t\t\t<\/div>\n\t\t\t\t<div class=\"elementor-post__meta-data\">\n\t\t\t\t\t<span class=\"elementor-post-date\">\n\t\t\tjulio 1, 2025\t\t<\/span>\n\t\t\t\t<\/div>\n\t\t\t\t\t<\/div>\n\t\t<\/article>\n\t\t\t\t<article class=\"elementor-post elementor-grid-item post-4281 post type-post status-publish format-standard has-post-thumbnail hentry category-uncategorized\" role=\"listitem\">\n\t\t\t<div class=\"elementor-post__card\">\n\t\t\t\t<a class=\"elementor-post__thumbnail__link\" href=\"https:\/\/banyax.com\/es\/autopsia-de-un-ciberataque-paso-a-paso-dentro-de-una-infiltracion-digital\/\" tabindex=\"-1\" ><div class=\"elementor-post__thumbnail\"><img decoding=\"async\" width=\"300\" height=\"169\" src=\"https:\/\/banyax.com\/wp-content\/uploads\/2025\/06\/digital-highway-300x169.png\" class=\"attachment-medium size-medium wp-image-4283\" alt=\"\" srcset=\"https:\/\/banyax.com\/wp-content\/uploads\/2025\/06\/digital-highway-300x169.png 300w, https:\/\/banyax.com\/wp-content\/uploads\/2025\/06\/digital-highway-1024x576.png 1024w, https:\/\/banyax.com\/wp-content\/uploads\/2025\/06\/digital-highway-768x432.png 768w, https:\/\/banyax.com\/wp-content\/uploads\/2025\/06\/digital-highway-1536x864.png 1536w, https:\/\/banyax.com\/wp-content\/uploads\/2025\/06\/digital-highway-18x10.png 18w, https:\/\/banyax.com\/wp-content\/uploads\/2025\/06\/digital-highway.png 1920w\" sizes=\"(max-width: 300px) 100vw, 300px\" \/><\/div><\/a>\n\t\t\t\t<div class=\"elementor-post__text\">\n\t\t\t\t<h3 class=\"elementor-post__title\">\n\t\t\t<a href=\"https:\/\/banyax.com\/es\/autopsia-de-un-ciberataque-paso-a-paso-dentro-de-una-infiltracion-digital\/\" >\n\t\t\t\tAutopsia de un ciberataque: paso a paso dentro de una infiltraci\u00f3n digital\t\t\t<\/a>\n\t\t<\/h3>\n\t\t\t\t<div class=\"elementor-post__excerpt\">\n\t\t\t<p>Todo comenz\u00f3 con un ticket de soporte. Un colaborador no<\/p>\n\t\t<\/div>\n\t\t\n\t\t<a class=\"elementor-post__read-more\" href=\"https:\/\/banyax.com\/es\/autopsia-de-un-ciberataque-paso-a-paso-dentro-de-una-infiltracion-digital\/\" aria-label=\"Read more about Autopsia de un ciberataque: paso a paso dentro de una infiltraci\u00f3n digital\" tabindex=\"-1\" >\n\t\t\tLeer Ahora\u00bb\t\t<\/a>\n\n\t\t\t\t<\/div>\n\t\t\t\t<div class=\"elementor-post__meta-data\">\n\t\t\t\t\t<span class=\"elementor-post-date\">\n\t\t\tjunio 24, 2025\t\t<\/span>\n\t\t\t\t<\/div>\n\t\t\t\t\t<\/div>\n\t\t<\/article>\n\t\t\t\t<article class=\"elementor-post elementor-grid-item post-4141 post type-post status-publish format-standard has-post-thumbnail hentry category-uncategorized\" role=\"listitem\">\n\t\t\t<div class=\"elementor-post__card\">\n\t\t\t\t<a class=\"elementor-post__thumbnail__link\" href=\"https:\/\/banyax.com\/es\/5-consecuencias-invisibles-de-un-ciberataque-y-como-prevenirlas-desde-el-primer-dia\/\" tabindex=\"-1\" ><div class=\"elementor-post__thumbnail\"><img loading=\"lazy\" decoding=\"async\" width=\"300\" height=\"169\" src=\"https:\/\/banyax.com\/wp-content\/uploads\/2025\/05\/Blog_28_Abril-300x169.png\" class=\"attachment-medium size-medium wp-image-4143\" alt=\"\" srcset=\"https:\/\/banyax.com\/wp-content\/uploads\/2025\/05\/Blog_28_Abril-300x169.png 300w, https:\/\/banyax.com\/wp-content\/uploads\/2025\/05\/Blog_28_Abril-1024x576.png 1024w, https:\/\/banyax.com\/wp-content\/uploads\/2025\/05\/Blog_28_Abril-768x432.png 768w, https:\/\/banyax.com\/wp-content\/uploads\/2025\/05\/Blog_28_Abril-1536x864.png 1536w, https:\/\/banyax.com\/wp-content\/uploads\/2025\/05\/Blog_28_Abril-18x10.png 18w, https:\/\/banyax.com\/wp-content\/uploads\/2025\/05\/Blog_28_Abril.png 1920w\" sizes=\"(max-width: 300px) 100vw, 300px\" \/><\/div><\/a>\n\t\t\t\t<div class=\"elementor-post__text\">\n\t\t\t\t<h3 class=\"elementor-post__title\">\n\t\t\t<a href=\"https:\/\/banyax.com\/es\/5-consecuencias-invisibles-de-un-ciberataque-y-como-prevenirlas-desde-el-primer-dia\/\" >\n\t\t\t\t5 Consecuencias Invisibles de un Ciberataque (y C\u00f3mo Prevenirlas Desde el Primer D\u00eda)\t\t\t<\/a>\n\t\t<\/h3>\n\t\t\t\t<div class=\"elementor-post__excerpt\">\n\t\t\t<p>Cuando ocurre un ciberataque, los focos se centran en contener<\/p>\n\t\t<\/div>\n\t\t\n\t\t<a class=\"elementor-post__read-more\" href=\"https:\/\/banyax.com\/es\/5-consecuencias-invisibles-de-un-ciberataque-y-como-prevenirlas-desde-el-primer-dia\/\" aria-label=\"Read more about 5 Consecuencias Invisibles de un Ciberataque (y C\u00f3mo Prevenirlas Desde el Primer D\u00eda)\" tabindex=\"-1\" >\n\t\t\tLeer Ahora\u00bb\t\t<\/a>\n\n\t\t\t\t<\/div>\n\t\t\t\t<div class=\"elementor-post__meta-data\">\n\t\t\t\t\t<span class=\"elementor-post-date\">\n\t\t\tmayo 23, 2025\t\t<\/span>\n\t\t\t\t<\/div>\n\t\t\t\t\t<\/div>\n\t\t<\/article>\n\t\t\t\t<article class=\"elementor-post elementor-grid-item post-4098 post type-post status-publish format-standard has-post-thumbnail hentry category-uncategorized\" role=\"listitem\">\n\t\t\t<div class=\"elementor-post__card\">\n\t\t\t\t<a class=\"elementor-post__thumbnail__link\" href=\"https:\/\/banyax.com\/es\/protege-tu-empresa-de-las-perdidas-millonarias-y-danos-reputacionales-que-nadie-ve-venir\/\" tabindex=\"-1\" ><div class=\"elementor-post__thumbnail\"><img loading=\"lazy\" decoding=\"async\" width=\"300\" height=\"169\" src=\"https:\/\/banyax.com\/wp-content\/uploads\/2025\/04\/security-300x169.jpg\" class=\"attachment-medium size-medium wp-image-4100\" alt=\"\" srcset=\"https:\/\/banyax.com\/wp-content\/uploads\/2025\/04\/security-300x169.jpg 300w, https:\/\/banyax.com\/wp-content\/uploads\/2025\/04\/security-1024x576.jpg 1024w, https:\/\/banyax.com\/wp-content\/uploads\/2025\/04\/security-768x432.jpg 768w, https:\/\/banyax.com\/wp-content\/uploads\/2025\/04\/security-1536x864.jpg 1536w, https:\/\/banyax.com\/wp-content\/uploads\/2025\/04\/security-18x10.jpg 18w, https:\/\/banyax.com\/wp-content\/uploads\/2025\/04\/security.jpg 1920w\" sizes=\"(max-width: 300px) 100vw, 300px\" \/><\/div><\/a>\n\t\t\t\t<div class=\"elementor-post__text\">\n\t\t\t\t<h3 class=\"elementor-post__title\">\n\t\t\t<a href=\"https:\/\/banyax.com\/es\/protege-tu-empresa-de-las-perdidas-millonarias-y-danos-reputacionales-que-nadie-ve-venir\/\" >\n\t\t\t\tProtege tu Empresa de las P\u00e9rdidas Millonarias y Da\u00f1os Reputacionales que Nadie Ve Venir\t\t\t<\/a>\n\t\t<\/h3>\n\t\t\t\t<div class=\"elementor-post__excerpt\">\n\t\t\t<p>En el mundo digital actual, la amenaza no siempre est\u00e1<\/p>\n\t\t<\/div>\n\t\t\n\t\t<a class=\"elementor-post__read-more\" href=\"https:\/\/banyax.com\/es\/protege-tu-empresa-de-las-perdidas-millonarias-y-danos-reputacionales-que-nadie-ve-venir\/\" aria-label=\"Read more about Protege tu Empresa de las P\u00e9rdidas Millonarias y Da\u00f1os Reputacionales que Nadie Ve Venir\" tabindex=\"-1\" >\n\t\t\tLeer Ahora\u00bb\t\t<\/a>\n\n\t\t\t\t<\/div>\n\t\t\t\t<div class=\"elementor-post__meta-data\">\n\t\t\t\t\t<span class=\"elementor-post-date\">\n\t\t\tabril 23, 2025\t\t<\/span>\n\t\t\t\t<\/div>\n\t\t\t\t\t<\/div>\n\t\t<\/article>\n\t\t\t\t<article class=\"elementor-post elementor-grid-item post-4060 post type-post status-publish format-standard has-post-thumbnail hentry category-uncategorized\" role=\"listitem\">\n\t\t\t<div class=\"elementor-post__card\">\n\t\t\t\t<a class=\"elementor-post__thumbnail__link\" href=\"https:\/\/banyax.com\/es\/the-most-dangerous-cyber-threat-and-how-to-stop-it-before-it-hits-your-business\/\" tabindex=\"-1\" ><div class=\"elementor-post__thumbnail\"><img loading=\"lazy\" decoding=\"async\" width=\"300\" height=\"169\" src=\"https:\/\/banyax.com\/wp-content\/uploads\/2025\/04\/ransomware-300x169.jpg\" class=\"attachment-medium size-medium wp-image-4062\" alt=\"\" srcset=\"https:\/\/banyax.com\/wp-content\/uploads\/2025\/04\/ransomware-300x169.jpg 300w, https:\/\/banyax.com\/wp-content\/uploads\/2025\/04\/ransomware-1024x576.jpg 1024w, https:\/\/banyax.com\/wp-content\/uploads\/2025\/04\/ransomware-768x432.jpg 768w, https:\/\/banyax.com\/wp-content\/uploads\/2025\/04\/ransomware-1536x864.jpg 1536w, https:\/\/banyax.com\/wp-content\/uploads\/2025\/04\/ransomware-18x10.jpg 18w, https:\/\/banyax.com\/wp-content\/uploads\/2025\/04\/ransomware.jpg 1920w\" sizes=\"(max-width: 300px) 100vw, 300px\" \/><\/div><\/a>\n\t\t\t\t<div class=\"elementor-post__text\">\n\t\t\t\t<h3 class=\"elementor-post__title\">\n\t\t\t<a href=\"https:\/\/banyax.com\/es\/the-most-dangerous-cyber-threat-and-how-to-stop-it-before-it-hits-your-business\/\" >\n\t\t\t\tLa amenaza cibern\u00e9tica m\u00e1s peligrosa y c\u00f3mo detenerla antes de que ataque tu empresa\t\t\t<\/a>\n\t\t<\/h3>\n\t\t\t\t<div class=\"elementor-post__excerpt\">\n\t\t\t<p>La amenaza cibern\u00e9tica m\u00e1s peligrosa y c\u00f3mo detenerla antes de<\/p>\n\t\t<\/div>\n\t\t\n\t\t<a class=\"elementor-post__read-more\" href=\"https:\/\/banyax.com\/es\/the-most-dangerous-cyber-threat-and-how-to-stop-it-before-it-hits-your-business\/\" aria-label=\"Read more about La amenaza cibern\u00e9tica m\u00e1s peligrosa y c\u00f3mo detenerla antes de que ataque tu empresa\" tabindex=\"-1\" >\n\t\t\tLeer Ahora\u00bb\t\t<\/a>\n\n\t\t\t\t<\/div>\n\t\t\t\t<div class=\"elementor-post__meta-data\">\n\t\t\t\t\t<span class=\"elementor-post-date\">\n\t\t\tabril 3, 2025\t\t<\/span>\n\t\t\t\t<\/div>\n\t\t\t\t\t<\/div>\n\t\t<\/article>\n\t\t\t\t<\/div>\n\t\t\n\t\t\t\t\t\t<\/div>\n\t\t\t\t<\/div>\n\t\t\t\t\t<\/div>\n\t\t<\/div>\n\t\t\t\t\t<\/div>\n\t\t<\/section>\n\t\t\t\t<\/div>","protected":false},"excerpt":{"rendered":"<p>Bienvenido a nuestro Blog<\/p>","protected":false},"author":8,"featured_media":0,"parent":0,"menu_order":0,"comment_status":"closed","ping_status":"closed","template":"elementor_header_footer","meta":{"footnotes":""},"class_list":["post-4046","page","type-page","status-publish","hentry"],"_links":{"self":[{"href":"https:\/\/banyax.com\/es\/wp-json\/wp\/v2\/pages\/4046","targetHints":{"allow":["GET"]}}],"collection":[{"href":"https:\/\/banyax.com\/es\/wp-json\/wp\/v2\/pages"}],"about":[{"href":"https:\/\/banyax.com\/es\/wp-json\/wp\/v2\/types\/page"}],"author":[{"embeddable":true,"href":"https:\/\/banyax.com\/es\/wp-json\/wp\/v2\/users\/8"}],"replies":[{"embeddable":true,"href":"https:\/\/banyax.com\/es\/wp-json\/wp\/v2\/comments?post=4046"}],"version-history":[{"count":25,"href":"https:\/\/banyax.com\/es\/wp-json\/wp\/v2\/pages\/4046\/revisions"}],"predecessor-version":[{"id":4103,"href":"https:\/\/banyax.com\/es\/wp-json\/wp\/v2\/pages\/4046\/revisions\/4103"}],"wp:attachment":[{"href":"https:\/\/banyax.com\/es\/wp-json\/wp\/v2\/media?parent=4046"}],"curies":[{"name":"wp","href":"https:\/\/api.w.org\/{rel}","templated":true}]}}